{"id":336,"date":"2023-07-30T19:04:04","date_gmt":"2023-07-30T19:04:04","guid":{"rendered":"https:\/\/www.journalfreak.nl\/?post_type=product&#038;p=336"},"modified":"2023-07-30T19:04:04","modified_gmt":"2023-07-30T19:04:04","slug":"mini-mini-journal-2-stuck","status":"publish","type":"product","link":"https:\/\/www.journalfreak.nl\/index.php\/product\/mini-mini-journal-2-stuck\/","title":{"rendered":"Mini Mini Journal 2 St\u00fcck"},"content":{"rendered":"<p><img loading=\"lazy\" decoding=\"async\" class=\"alignnone size-medium wp-image-337\" src=\"https:\/\/www.journalfreak.nl\/wp-content\/uploads\/2023\/07\/IMG_2522-225x300.jpeg\" alt=\"\" width=\"225\" height=\"300\" srcset=\"https:\/\/www.journalfreak.nl\/wp-content\/uploads\/2023\/07\/IMG_2522-225x300.jpeg 225w, https:\/\/www.journalfreak.nl\/wp-content\/uploads\/2023\/07\/IMG_2522-768x1024.jpeg 768w, https:\/\/www.journalfreak.nl\/wp-content\/uploads\/2023\/07\/IMG_2522-1152x1536.jpeg 1152w, https:\/\/www.journalfreak.nl\/wp-content\/uploads\/2023\/07\/IMG_2522-1536x2048.jpeg 1536w, https:\/\/www.journalfreak.nl\/wp-content\/uploads\/2023\/07\/IMG_2522-600x800.jpeg 600w, https:\/\/www.journalfreak.nl\/wp-content\/uploads\/2023\/07\/IMG_2522-scaled.jpeg 1920w\" sizes=\"auto, (max-width: 225px) 100vw, 225px\" \/>Als kleines Geschenk oder als Anh\u00e4nger f\u00fcr ein Journal. Aber auch toll f\u00fcr ein paar liebe Worte\u2026<\/p>\n","protected":false},"excerpt":{"rendered":"<p>Als kleines Geschenk oder als Anh\u00e4nger f\u00fcr ein Journal. Aber auch toll f\u00fcr ein paar liebe Worte\u2026<\/p>\n","protected":false},"featured_media":339,"comment_status":"open","ping_status":"closed","template":"","meta":[],"product_brand":[],"product_cat":[15],"product_tag":[],"class_list":{"0":"post-336","1":"product","2":"type-product","3":"status-publish","4":"has-post-thumbnail","6":"product_cat-allround","8":"first","9":"instock","10":"taxable","11":"shipping-taxable","12":"purchasable","13":"product-type-simple"},"yoast_head":"<!-- This site is optimized with the Yoast SEO plugin v27.4 - https:\/\/yoast.com\/product\/yoast-seo-wordpress\/ -->\n<title>Mini Mini Journal 2 St\u00fcck - JournalFreak<\/title>\n<meta name=\"robots\" content=\"index, follow, max-snippet:-1, max-image-preview:large, max-video-preview:-1\" \/>\n<link rel=\"canonical\" href=\"https:\/\/www.journalfreak.nl\/index.php\/product\/mini-mini-journal-2-stuck\/\" \/>\n<meta property=\"og:locale\" content=\"nl_NL\" \/>\n<meta property=\"og:type\" content=\"article\" \/>\n<meta property=\"og:title\" content=\"Mini Mini Journal 2 St\u00fcck - JournalFreak\" \/>\n<meta property=\"og:description\" content=\"Als kleines Geschenk oder als Anh\u00e4nger f\u00fcr ein Journal. Aber auch toll f\u00fcr ein paar liebe Worte\u2026\" \/>\n<meta property=\"og:url\" content=\"https:\/\/www.journalfreak.nl\/index.php\/product\/mini-mini-journal-2-stuck\/\" \/>\n<meta property=\"og:site_name\" content=\"JournalFreak\" \/>\n<meta property=\"og:image\" content=\"https:\/\/www.journalfreak.nl\/wp-content\/uploads\/2023\/07\/IMG_2522-1-scaled.jpeg\" \/>\n\t<meta property=\"og:image:width\" content=\"1920\" \/>\n\t<meta property=\"og:image:height\" content=\"2560\" \/>\n\t<meta property=\"og:image:type\" content=\"image\/jpeg\" \/>\n<meta name=\"twitter:card\" content=\"summary_large_image\" \/>\n<script type=\"application\/ld+json\" class=\"yoast-schema-graph\">{\"@context\":\"https:\\\/\\\/schema.org\",\"@graph\":[{\"@type\":\"WebPage\",\"@id\":\"https:\\\/\\\/www.journalfreak.nl\\\/index.php\\\/product\\\/mini-mini-journal-2-stuck\\\/\",\"url\":\"https:\\\/\\\/www.journalfreak.nl\\\/index.php\\\/product\\\/mini-mini-journal-2-stuck\\\/\",\"name\":\"Mini Mini Journal 2 St\u00fcck - JournalFreak\",\"isPartOf\":{\"@id\":\"https:\\\/\\\/www.journalfreak.nl\\\/#website\"},\"primaryImageOfPage\":{\"@id\":\"https:\\\/\\\/www.journalfreak.nl\\\/index.php\\\/product\\\/mini-mini-journal-2-stuck\\\/#primaryimage\"},\"image\":{\"@id\":\"https:\\\/\\\/www.journalfreak.nl\\\/index.php\\\/product\\\/mini-mini-journal-2-stuck\\\/#primaryimage\"},\"thumbnailUrl\":\"https:\\\/\\\/www.journalfreak.nl\\\/wp-content\\\/uploads\\\/2023\\\/07\\\/IMG_2522-1-scaled.jpeg\",\"datePublished\":\"2023-07-30T19:04:04+00:00\",\"breadcrumb\":{\"@id\":\"https:\\\/\\\/www.journalfreak.nl\\\/index.php\\\/product\\\/mini-mini-journal-2-stuck\\\/#breadcrumb\"},\"inLanguage\":\"nl-NL\",\"potentialAction\":[{\"@type\":\"ReadAction\",\"target\":[\"https:\\\/\\\/www.journalfreak.nl\\\/index.php\\\/product\\\/mini-mini-journal-2-stuck\\\/\"]}]},{\"@type\":\"ImageObject\",\"inLanguage\":\"nl-NL\",\"@id\":\"https:\\\/\\\/www.journalfreak.nl\\\/index.php\\\/product\\\/mini-mini-journal-2-stuck\\\/#primaryimage\",\"url\":\"https:\\\/\\\/www.journalfreak.nl\\\/wp-content\\\/uploads\\\/2023\\\/07\\\/IMG_2522-1-scaled.jpeg\",\"contentUrl\":\"https:\\\/\\\/www.journalfreak.nl\\\/wp-content\\\/uploads\\\/2023\\\/07\\\/IMG_2522-1-scaled.jpeg\",\"width\":1920,\"height\":2560},{\"@type\":\"BreadcrumbList\",\"@id\":\"https:\\\/\\\/www.journalfreak.nl\\\/index.php\\\/product\\\/mini-mini-journal-2-stuck\\\/#breadcrumb\",\"itemListElement\":[{\"@type\":\"ListItem\",\"position\":1,\"name\":\"Home\",\"item\":\"https:\\\/\\\/www.journalfreak.nl\\\/\"},{\"@type\":\"ListItem\",\"position\":2,\"name\":\"Winkel\",\"item\":\"https:\\\/\\\/www.journalfreak.nl\\\/index.php\\\/winkel\\\/\"},{\"@type\":\"ListItem\",\"position\":3,\"name\":\"Mini Mini Journal 2 St\u00fcck\"}]},{\"@type\":\"WebSite\",\"@id\":\"https:\\\/\\\/www.journalfreak.nl\\\/#website\",\"url\":\"https:\\\/\\\/www.journalfreak.nl\\\/\",\"name\":\"JournalFreak\",\"description\":\"Een creatieveling die helemaal gek is van journals\",\"publisher\":{\"@id\":\"https:\\\/\\\/www.journalfreak.nl\\\/#organization\"},\"potentialAction\":[{\"@type\":\"SearchAction\",\"target\":{\"@type\":\"EntryPoint\",\"urlTemplate\":\"https:\\\/\\\/www.journalfreak.nl\\\/?s={search_term_string}\"},\"query-input\":{\"@type\":\"PropertyValueSpecification\",\"valueRequired\":true,\"valueName\":\"search_term_string\"}}],\"inLanguage\":\"nl-NL\"},{\"@type\":\"Organization\",\"@id\":\"https:\\\/\\\/www.journalfreak.nl\\\/#organization\",\"name\":\"JournalFreak\",\"url\":\"https:\\\/\\\/www.journalfreak.nl\\\/\",\"logo\":{\"@type\":\"ImageObject\",\"inLanguage\":\"nl-NL\",\"@id\":\"https:\\\/\\\/www.journalfreak.nl\\\/#\\\/schema\\\/logo\\\/image\\\/\",\"url\":\"https:\\\/\\\/www.journalfreak.nl\\\/wp-content\\\/uploads\\\/2023\\\/07\\\/cropped-Logo_Trixmagkunst.png\",\"contentUrl\":\"https:\\\/\\\/www.journalfreak.nl\\\/wp-content\\\/uploads\\\/2023\\\/07\\\/cropped-Logo_Trixmagkunst.png\",\"width\":150,\"height\":150,\"caption\":\"JournalFreak\"},\"image\":{\"@id\":\"https:\\\/\\\/www.journalfreak.nl\\\/#\\\/schema\\\/logo\\\/image\\\/\"}}]}<\/script>\n<!-- \/ Yoast SEO plugin. -->","yoast_head_json":{"title":"Mini Mini Journal 2 St\u00fcck - JournalFreak","robots":{"index":"index","follow":"follow","max-snippet":"max-snippet:-1","max-image-preview":"max-image-preview:large","max-video-preview":"max-video-preview:-1"},"canonical":"https:\/\/www.journalfreak.nl\/index.php\/product\/mini-mini-journal-2-stuck\/","og_locale":"nl_NL","og_type":"article","og_title":"Mini Mini Journal 2 St\u00fcck - JournalFreak","og_description":"Als kleines Geschenk oder als Anh\u00e4nger f\u00fcr ein Journal. Aber auch toll f\u00fcr ein paar liebe Worte\u2026","og_url":"https:\/\/www.journalfreak.nl\/index.php\/product\/mini-mini-journal-2-stuck\/","og_site_name":"JournalFreak","og_image":[{"width":1920,"height":2560,"url":"https:\/\/www.journalfreak.nl\/wp-content\/uploads\/2023\/07\/IMG_2522-1-scaled.jpeg","type":"image\/jpeg"}],"twitter_card":"summary_large_image","schema":{"@context":"https:\/\/schema.org","@graph":[{"@type":"WebPage","@id":"https:\/\/www.journalfreak.nl\/index.php\/product\/mini-mini-journal-2-stuck\/","url":"https:\/\/www.journalfreak.nl\/index.php\/product\/mini-mini-journal-2-stuck\/","name":"Mini Mini Journal 2 St\u00fcck - JournalFreak","isPartOf":{"@id":"https:\/\/www.journalfreak.nl\/#website"},"primaryImageOfPage":{"@id":"https:\/\/www.journalfreak.nl\/index.php\/product\/mini-mini-journal-2-stuck\/#primaryimage"},"image":{"@id":"https:\/\/www.journalfreak.nl\/index.php\/product\/mini-mini-journal-2-stuck\/#primaryimage"},"thumbnailUrl":"https:\/\/www.journalfreak.nl\/wp-content\/uploads\/2023\/07\/IMG_2522-1-scaled.jpeg","datePublished":"2023-07-30T19:04:04+00:00","breadcrumb":{"@id":"https:\/\/www.journalfreak.nl\/index.php\/product\/mini-mini-journal-2-stuck\/#breadcrumb"},"inLanguage":"nl-NL","potentialAction":[{"@type":"ReadAction","target":["https:\/\/www.journalfreak.nl\/index.php\/product\/mini-mini-journal-2-stuck\/"]}]},{"@type":"ImageObject","inLanguage":"nl-NL","@id":"https:\/\/www.journalfreak.nl\/index.php\/product\/mini-mini-journal-2-stuck\/#primaryimage","url":"https:\/\/www.journalfreak.nl\/wp-content\/uploads\/2023\/07\/IMG_2522-1-scaled.jpeg","contentUrl":"https:\/\/www.journalfreak.nl\/wp-content\/uploads\/2023\/07\/IMG_2522-1-scaled.jpeg","width":1920,"height":2560},{"@type":"BreadcrumbList","@id":"https:\/\/www.journalfreak.nl\/index.php\/product\/mini-mini-journal-2-stuck\/#breadcrumb","itemListElement":[{"@type":"ListItem","position":1,"name":"Home","item":"https:\/\/www.journalfreak.nl\/"},{"@type":"ListItem","position":2,"name":"Winkel","item":"https:\/\/www.journalfreak.nl\/index.php\/winkel\/"},{"@type":"ListItem","position":3,"name":"Mini Mini Journal 2 St\u00fcck"}]},{"@type":"WebSite","@id":"https:\/\/www.journalfreak.nl\/#website","url":"https:\/\/www.journalfreak.nl\/","name":"JournalFreak","description":"Een creatieveling die helemaal gek is van journals","publisher":{"@id":"https:\/\/www.journalfreak.nl\/#organization"},"potentialAction":[{"@type":"SearchAction","target":{"@type":"EntryPoint","urlTemplate":"https:\/\/www.journalfreak.nl\/?s={search_term_string}"},"query-input":{"@type":"PropertyValueSpecification","valueRequired":true,"valueName":"search_term_string"}}],"inLanguage":"nl-NL"},{"@type":"Organization","@id":"https:\/\/www.journalfreak.nl\/#organization","name":"JournalFreak","url":"https:\/\/www.journalfreak.nl\/","logo":{"@type":"ImageObject","inLanguage":"nl-NL","@id":"https:\/\/www.journalfreak.nl\/#\/schema\/logo\/image\/","url":"https:\/\/www.journalfreak.nl\/wp-content\/uploads\/2023\/07\/cropped-Logo_Trixmagkunst.png","contentUrl":"https:\/\/www.journalfreak.nl\/wp-content\/uploads\/2023\/07\/cropped-Logo_Trixmagkunst.png","width":150,"height":150,"caption":"JournalFreak"},"image":{"@id":"https:\/\/www.journalfreak.nl\/#\/schema\/logo\/image\/"}}]}},"_links":{"self":[{"href":"https:\/\/www.journalfreak.nl\/index.php\/wp-json\/wp\/v2\/product\/336","targetHints":{"allow":["GET"]}}],"collection":[{"href":"https:\/\/www.journalfreak.nl\/index.php\/wp-json\/wp\/v2\/product"}],"about":[{"href":"https:\/\/www.journalfreak.nl\/index.php\/wp-json\/wp\/v2\/types\/product"}],"replies":[{"embeddable":true,"href":"https:\/\/www.journalfreak.nl\/index.php\/wp-json\/wp\/v2\/comments?post=336"}],"wp:featuredmedia":[{"embeddable":true,"href":"https:\/\/www.journalfreak.nl\/index.php\/wp-json\/wp\/v2\/media\/339"}],"wp:attachment":[{"href":"https:\/\/www.journalfreak.nl\/index.php\/wp-json\/wp\/v2\/media?parent=336"}],"wp:term":[{"taxonomy":"product_brand","embeddable":true,"href":"https:\/\/www.journalfreak.nl\/index.php\/wp-json\/wp\/v2\/product_brand?post=336"},{"taxonomy":"product_cat","embeddable":true,"href":"https:\/\/www.journalfreak.nl\/index.php\/wp-json\/wp\/v2\/product_cat?post=336"},{"taxonomy":"product_tag","embeddable":true,"href":"https:\/\/www.journalfreak.nl\/index.php\/wp-json\/wp\/v2\/product_tag?post=336"}],"curies":[{"name":"wp","href":"https:\/\/api.w.org\/{rel}","templated":true}]}}