{"id":49,"date":"2023-07-30T17:01:04","date_gmt":"2023-07-30T17:01:04","guid":{"rendered":"https:\/\/www.journalfreak.nl\/?post_type=product&#038;p=49"},"modified":"2023-11-26T11:42:15","modified_gmt":"2023-11-26T11:42:15","slug":"doppelter-umschlag","status":"publish","type":"product","link":"https:\/\/www.journalfreak.nl\/index.php\/product\/doppelter-umschlag\/","title":{"rendered":"Doppelter Umschlag"},"content":{"rendered":"<p>Ein Journal zum Mitnehmen. 2kleine Journals f\u00fcr die Handtasche. A5 Format. Platz f\u00fcr wichtige Dinge, Platz f\u00fcr Notizen, Fotos und mehr. Alles \u201chandmade\u201d und mit Liebe gemacht. Aus Wenig ist so viel Sch\u00f6nes und auch Praktisches zu machen. Einzigartig. Alkes gibt es nur einmal<\/p>\n","protected":false},"excerpt":{"rendered":"<p>Ein Journal zum Mitnehmen. 2kleine Journals f\u00fcr die Handtasche. A5 Format. Platz f\u00fcr wichtige Dinge, Platz f\u00fcr Notizen, Fotos und mehr. Alles \u201chandmade\u201d und mit Liebe gemacht&#8230;<\/p>\n","protected":false},"featured_media":123,"comment_status":"open","ping_status":"closed","template":"","meta":[],"product_brand":[],"product_cat":[15],"product_tag":[],"class_list":{"0":"post-49","1":"product","2":"type-product","3":"status-publish","4":"has-post-thumbnail","6":"product_cat-allround","8":"first","9":"outofstock","10":"taxable","11":"shipping-taxable","12":"purchasable","13":"product-type-simple"},"yoast_head":"<!-- This site is optimized with the Yoast SEO plugin v27.5 - https:\/\/yoast.com\/product\/yoast-seo-wordpress\/ -->\n<title>Doppelter Umschlag - JournalFreak<\/title>\n<meta name=\"robots\" content=\"index, follow, max-snippet:-1, max-image-preview:large, max-video-preview:-1\" \/>\n<link rel=\"canonical\" href=\"https:\/\/www.journalfreak.nl\/index.php\/product\/doppelter-umschlag\/\" \/>\n<meta property=\"og:locale\" content=\"nl_NL\" \/>\n<meta property=\"og:type\" content=\"article\" \/>\n<meta property=\"og:title\" content=\"Doppelter Umschlag - JournalFreak\" \/>\n<meta property=\"og:description\" content=\"Ein Journal zum Mitnehmen. 2kleine Journals f\u00fcr die Handtasche. A5 Format. Platz f\u00fcr wichtige Dinge, Platz f\u00fcr Notizen, Fotos und mehr. Alles \u201chandmade\u201d und mit Liebe gemacht...\" \/>\n<meta property=\"og:url\" content=\"https:\/\/www.journalfreak.nl\/index.php\/product\/doppelter-umschlag\/\" \/>\n<meta property=\"og:site_name\" content=\"JournalFreak\" \/>\n<meta property=\"article:modified_time\" content=\"2023-11-26T11:42:15+00:00\" \/>\n<meta property=\"og:image\" content=\"https:\/\/www.journalfreak.nl\/wp-content\/uploads\/2023\/07\/IMG_2207-1-scaled.jpeg\" \/>\n\t<meta property=\"og:image:width\" content=\"1920\" \/>\n\t<meta property=\"og:image:height\" content=\"2560\" \/>\n\t<meta property=\"og:image:type\" content=\"image\/jpeg\" \/>\n<meta name=\"twitter:card\" content=\"summary_large_image\" \/>\n<meta name=\"twitter:label1\" content=\"Geschatte leestijd\" \/>\n\t<meta name=\"twitter:data1\" content=\"1 minuut\" \/>\n<script type=\"application\/ld+json\" class=\"yoast-schema-graph\">{\"@context\":\"https:\\\/\\\/schema.org\",\"@graph\":[{\"@type\":\"WebPage\",\"@id\":\"https:\\\/\\\/www.journalfreak.nl\\\/index.php\\\/product\\\/doppelter-umschlag\\\/\",\"url\":\"https:\\\/\\\/www.journalfreak.nl\\\/index.php\\\/product\\\/doppelter-umschlag\\\/\",\"name\":\"Doppelter Umschlag - JournalFreak\",\"isPartOf\":{\"@id\":\"https:\\\/\\\/www.journalfreak.nl\\\/#website\"},\"primaryImageOfPage\":{\"@id\":\"https:\\\/\\\/www.journalfreak.nl\\\/index.php\\\/product\\\/doppelter-umschlag\\\/#primaryimage\"},\"image\":{\"@id\":\"https:\\\/\\\/www.journalfreak.nl\\\/index.php\\\/product\\\/doppelter-umschlag\\\/#primaryimage\"},\"thumbnailUrl\":\"https:\\\/\\\/www.journalfreak.nl\\\/wp-content\\\/uploads\\\/2023\\\/07\\\/IMG_2207-1-scaled.jpeg\",\"datePublished\":\"2023-07-30T17:01:04+00:00\",\"dateModified\":\"2023-11-26T11:42:15+00:00\",\"breadcrumb\":{\"@id\":\"https:\\\/\\\/www.journalfreak.nl\\\/index.php\\\/product\\\/doppelter-umschlag\\\/#breadcrumb\"},\"inLanguage\":\"nl-NL\",\"potentialAction\":[{\"@type\":\"ReadAction\",\"target\":[\"https:\\\/\\\/www.journalfreak.nl\\\/index.php\\\/product\\\/doppelter-umschlag\\\/\"]}]},{\"@type\":\"ImageObject\",\"inLanguage\":\"nl-NL\",\"@id\":\"https:\\\/\\\/www.journalfreak.nl\\\/index.php\\\/product\\\/doppelter-umschlag\\\/#primaryimage\",\"url\":\"https:\\\/\\\/www.journalfreak.nl\\\/wp-content\\\/uploads\\\/2023\\\/07\\\/IMG_2207-1-scaled.jpeg\",\"contentUrl\":\"https:\\\/\\\/www.journalfreak.nl\\\/wp-content\\\/uploads\\\/2023\\\/07\\\/IMG_2207-1-scaled.jpeg\",\"width\":1920,\"height\":2560},{\"@type\":\"BreadcrumbList\",\"@id\":\"https:\\\/\\\/www.journalfreak.nl\\\/index.php\\\/product\\\/doppelter-umschlag\\\/#breadcrumb\",\"itemListElement\":[{\"@type\":\"ListItem\",\"position\":1,\"name\":\"Home\",\"item\":\"https:\\\/\\\/www.journalfreak.nl\\\/\"},{\"@type\":\"ListItem\",\"position\":2,\"name\":\"Winkel\",\"item\":\"https:\\\/\\\/www.journalfreak.nl\\\/index.php\\\/winkel\\\/\"},{\"@type\":\"ListItem\",\"position\":3,\"name\":\"Doppelter Umschlag\"}]},{\"@type\":\"WebSite\",\"@id\":\"https:\\\/\\\/www.journalfreak.nl\\\/#website\",\"url\":\"https:\\\/\\\/www.journalfreak.nl\\\/\",\"name\":\"JournalFreak\",\"description\":\"Een creatieveling die helemaal gek is van journals\",\"publisher\":{\"@id\":\"https:\\\/\\\/www.journalfreak.nl\\\/#organization\"},\"potentialAction\":[{\"@type\":\"SearchAction\",\"target\":{\"@type\":\"EntryPoint\",\"urlTemplate\":\"https:\\\/\\\/www.journalfreak.nl\\\/?s={search_term_string}\"},\"query-input\":{\"@type\":\"PropertyValueSpecification\",\"valueRequired\":true,\"valueName\":\"search_term_string\"}}],\"inLanguage\":\"nl-NL\"},{\"@type\":\"Organization\",\"@id\":\"https:\\\/\\\/www.journalfreak.nl\\\/#organization\",\"name\":\"JournalFreak\",\"url\":\"https:\\\/\\\/www.journalfreak.nl\\\/\",\"logo\":{\"@type\":\"ImageObject\",\"inLanguage\":\"nl-NL\",\"@id\":\"https:\\\/\\\/www.journalfreak.nl\\\/#\\\/schema\\\/logo\\\/image\\\/\",\"url\":\"https:\\\/\\\/www.journalfreak.nl\\\/wp-content\\\/uploads\\\/2023\\\/07\\\/cropped-Logo_Trixmagkunst.png\",\"contentUrl\":\"https:\\\/\\\/www.journalfreak.nl\\\/wp-content\\\/uploads\\\/2023\\\/07\\\/cropped-Logo_Trixmagkunst.png\",\"width\":150,\"height\":150,\"caption\":\"JournalFreak\"},\"image\":{\"@id\":\"https:\\\/\\\/www.journalfreak.nl\\\/#\\\/schema\\\/logo\\\/image\\\/\"}}]}<\/script>\n<!-- \/ Yoast SEO plugin. -->","yoast_head_json":{"title":"Doppelter Umschlag - JournalFreak","robots":{"index":"index","follow":"follow","max-snippet":"max-snippet:-1","max-image-preview":"max-image-preview:large","max-video-preview":"max-video-preview:-1"},"canonical":"https:\/\/www.journalfreak.nl\/index.php\/product\/doppelter-umschlag\/","og_locale":"nl_NL","og_type":"article","og_title":"Doppelter Umschlag - JournalFreak","og_description":"Ein Journal zum Mitnehmen. 2kleine Journals f\u00fcr die Handtasche. A5 Format. Platz f\u00fcr wichtige Dinge, Platz f\u00fcr Notizen, Fotos und mehr. Alles \u201chandmade\u201d und mit Liebe gemacht...","og_url":"https:\/\/www.journalfreak.nl\/index.php\/product\/doppelter-umschlag\/","og_site_name":"JournalFreak","article_modified_time":"2023-11-26T11:42:15+00:00","og_image":[{"width":1920,"height":2560,"url":"https:\/\/www.journalfreak.nl\/wp-content\/uploads\/2023\/07\/IMG_2207-1-scaled.jpeg","type":"image\/jpeg"}],"twitter_card":"summary_large_image","twitter_misc":{"Geschatte leestijd":"1 minuut"},"schema":{"@context":"https:\/\/schema.org","@graph":[{"@type":"WebPage","@id":"https:\/\/www.journalfreak.nl\/index.php\/product\/doppelter-umschlag\/","url":"https:\/\/www.journalfreak.nl\/index.php\/product\/doppelter-umschlag\/","name":"Doppelter Umschlag - JournalFreak","isPartOf":{"@id":"https:\/\/www.journalfreak.nl\/#website"},"primaryImageOfPage":{"@id":"https:\/\/www.journalfreak.nl\/index.php\/product\/doppelter-umschlag\/#primaryimage"},"image":{"@id":"https:\/\/www.journalfreak.nl\/index.php\/product\/doppelter-umschlag\/#primaryimage"},"thumbnailUrl":"https:\/\/www.journalfreak.nl\/wp-content\/uploads\/2023\/07\/IMG_2207-1-scaled.jpeg","datePublished":"2023-07-30T17:01:04+00:00","dateModified":"2023-11-26T11:42:15+00:00","breadcrumb":{"@id":"https:\/\/www.journalfreak.nl\/index.php\/product\/doppelter-umschlag\/#breadcrumb"},"inLanguage":"nl-NL","potentialAction":[{"@type":"ReadAction","target":["https:\/\/www.journalfreak.nl\/index.php\/product\/doppelter-umschlag\/"]}]},{"@type":"ImageObject","inLanguage":"nl-NL","@id":"https:\/\/www.journalfreak.nl\/index.php\/product\/doppelter-umschlag\/#primaryimage","url":"https:\/\/www.journalfreak.nl\/wp-content\/uploads\/2023\/07\/IMG_2207-1-scaled.jpeg","contentUrl":"https:\/\/www.journalfreak.nl\/wp-content\/uploads\/2023\/07\/IMG_2207-1-scaled.jpeg","width":1920,"height":2560},{"@type":"BreadcrumbList","@id":"https:\/\/www.journalfreak.nl\/index.php\/product\/doppelter-umschlag\/#breadcrumb","itemListElement":[{"@type":"ListItem","position":1,"name":"Home","item":"https:\/\/www.journalfreak.nl\/"},{"@type":"ListItem","position":2,"name":"Winkel","item":"https:\/\/www.journalfreak.nl\/index.php\/winkel\/"},{"@type":"ListItem","position":3,"name":"Doppelter Umschlag"}]},{"@type":"WebSite","@id":"https:\/\/www.journalfreak.nl\/#website","url":"https:\/\/www.journalfreak.nl\/","name":"JournalFreak","description":"Een creatieveling die helemaal gek is van journals","publisher":{"@id":"https:\/\/www.journalfreak.nl\/#organization"},"potentialAction":[{"@type":"SearchAction","target":{"@type":"EntryPoint","urlTemplate":"https:\/\/www.journalfreak.nl\/?s={search_term_string}"},"query-input":{"@type":"PropertyValueSpecification","valueRequired":true,"valueName":"search_term_string"}}],"inLanguage":"nl-NL"},{"@type":"Organization","@id":"https:\/\/www.journalfreak.nl\/#organization","name":"JournalFreak","url":"https:\/\/www.journalfreak.nl\/","logo":{"@type":"ImageObject","inLanguage":"nl-NL","@id":"https:\/\/www.journalfreak.nl\/#\/schema\/logo\/image\/","url":"https:\/\/www.journalfreak.nl\/wp-content\/uploads\/2023\/07\/cropped-Logo_Trixmagkunst.png","contentUrl":"https:\/\/www.journalfreak.nl\/wp-content\/uploads\/2023\/07\/cropped-Logo_Trixmagkunst.png","width":150,"height":150,"caption":"JournalFreak"},"image":{"@id":"https:\/\/www.journalfreak.nl\/#\/schema\/logo\/image\/"}}]}},"_links":{"self":[{"href":"https:\/\/www.journalfreak.nl\/index.php\/wp-json\/wp\/v2\/product\/49","targetHints":{"allow":["GET"]}}],"collection":[{"href":"https:\/\/www.journalfreak.nl\/index.php\/wp-json\/wp\/v2\/product"}],"about":[{"href":"https:\/\/www.journalfreak.nl\/index.php\/wp-json\/wp\/v2\/types\/product"}],"replies":[{"embeddable":true,"href":"https:\/\/www.journalfreak.nl\/index.php\/wp-json\/wp\/v2\/comments?post=49"}],"wp:featuredmedia":[{"embeddable":true,"href":"https:\/\/www.journalfreak.nl\/index.php\/wp-json\/wp\/v2\/media\/123"}],"wp:attachment":[{"href":"https:\/\/www.journalfreak.nl\/index.php\/wp-json\/wp\/v2\/media?parent=49"}],"wp:term":[{"taxonomy":"product_brand","embeddable":true,"href":"https:\/\/www.journalfreak.nl\/index.php\/wp-json\/wp\/v2\/product_brand?post=49"},{"taxonomy":"product_cat","embeddable":true,"href":"https:\/\/www.journalfreak.nl\/index.php\/wp-json\/wp\/v2\/product_cat?post=49"},{"taxonomy":"product_tag","embeddable":true,"href":"https:\/\/www.journalfreak.nl\/index.php\/wp-json\/wp\/v2\/product_tag?post=49"}],"curies":[{"name":"wp","href":"https:\/\/api.w.org\/{rel}","templated":true}]}}