{"id":62,"date":"2023-07-29T21:36:36","date_gmt":"2023-07-29T21:36:36","guid":{"rendered":"https:\/\/www.journalfreak.nl\/?post_type=product&#038;p=62"},"modified":"2023-11-26T10:23:50","modified_gmt":"2023-11-26T10:23:50","slug":"junk-journal-mit-reisverschluss-cover","status":"publish","type":"product","link":"https:\/\/www.journalfreak.nl\/index.php\/product\/junk-journal-mit-reisverschluss-cover\/","title":{"rendered":"Junk Journal mit Rei\u00dfverschluss Cover"},"content":{"rendered":"<blockquote><p><img loading=\"lazy\" decoding=\"async\" class=\"alignnone size-medium wp-image-63\" src=\"https:\/\/www.journalfreak.nl\/wp-content\/uploads\/2023\/07\/IMG_2854-225x300.jpeg\" alt=\"\" width=\"225\" height=\"300\" srcset=\"https:\/\/www.journalfreak.nl\/wp-content\/uploads\/2023\/07\/IMG_2854-225x300.jpeg 225w, https:\/\/www.journalfreak.nl\/wp-content\/uploads\/2023\/07\/IMG_2854-768x1024.jpeg 768w, https:\/\/www.journalfreak.nl\/wp-content\/uploads\/2023\/07\/IMG_2854-1152x1536.jpeg 1152w, https:\/\/www.journalfreak.nl\/wp-content\/uploads\/2023\/07\/IMG_2854-1536x2048.jpeg 1536w, https:\/\/www.journalfreak.nl\/wp-content\/uploads\/2023\/07\/IMG_2854-600x800.jpeg 600w, https:\/\/www.journalfreak.nl\/wp-content\/uploads\/2023\/07\/IMG_2854-scaled.jpeg 1920w\" sizes=\"auto, (max-width: 225px) 100vw, 225px\" \/> <img loading=\"lazy\" decoding=\"async\" class=\"alignnone size-medium wp-image-64\" src=\"https:\/\/www.journalfreak.nl\/wp-content\/uploads\/2023\/07\/IMG_2855-225x300.jpeg\" alt=\"\" width=\"225\" height=\"300\" srcset=\"https:\/\/www.journalfreak.nl\/wp-content\/uploads\/2023\/07\/IMG_2855-225x300.jpeg 225w, https:\/\/www.journalfreak.nl\/wp-content\/uploads\/2023\/07\/IMG_2855-768x1024.jpeg 768w, https:\/\/www.journalfreak.nl\/wp-content\/uploads\/2023\/07\/IMG_2855-1152x1536.jpeg 1152w, https:\/\/www.journalfreak.nl\/wp-content\/uploads\/2023\/07\/IMG_2855-1536x2048.jpeg 1536w, https:\/\/www.journalfreak.nl\/wp-content\/uploads\/2023\/07\/IMG_2855-600x800.jpeg 600w, https:\/\/www.journalfreak.nl\/wp-content\/uploads\/2023\/07\/IMG_2855-scaled.jpeg 1920w\" sizes=\"auto, (max-width: 225px) 100vw, 225px\" \/> <img loading=\"lazy\" decoding=\"async\" class=\"alignnone size-medium wp-image-65\" src=\"https:\/\/www.journalfreak.nl\/wp-content\/uploads\/2023\/07\/IMG_2853-225x300.jpeg\" alt=\"\" width=\"225\" height=\"300\" srcset=\"https:\/\/www.journalfreak.nl\/wp-content\/uploads\/2023\/07\/IMG_2853-225x300.jpeg 225w, https:\/\/www.journalfreak.nl\/wp-content\/uploads\/2023\/07\/IMG_2853-768x1024.jpeg 768w, https:\/\/www.journalfreak.nl\/wp-content\/uploads\/2023\/07\/IMG_2853-1152x1536.jpeg 1152w, https:\/\/www.journalfreak.nl\/wp-content\/uploads\/2023\/07\/IMG_2853-1536x2048.jpeg 1536w, https:\/\/www.journalfreak.nl\/wp-content\/uploads\/2023\/07\/IMG_2853-600x800.jpeg 600w, https:\/\/www.journalfreak.nl\/wp-content\/uploads\/2023\/07\/IMG_2853-scaled.jpeg 1920w\" sizes=\"auto, (max-width: 225px) 100vw, 225px\" \/>Hier mein neues Journal mit einer Idee von Treasure Books. Der Rei\u00dfverschluss funktioniert noch. Ein Journal Cover mit einer Signatur mit Kaffee gef\u00e4rbtem Papier. Man kann weitere Signaturen einn\u00e4hen oder mit Gummiband Bindung erweitern. Viel Spa\u00df damit<\/p><\/blockquote>\n","protected":false},"excerpt":{"rendered":"<p>[contact-form][contact-field label=&#8221;Naam&#8221; type=&#8221;name&#8221; required=&#8221;true&#8221; \/][contact-field label=&#8221;E-mail&#8221; type=&#8221;email&#8221; required=&#8221;true&#8221; \/][contact-field label=&#8221;Site&#8221; type=&#8221;url&#8221; \/][contact-field label=&#8221;Bericht&#8221; type=&#8221;textarea&#8221; \/][\/contact-form]<\/p>\n","protected":false},"featured_media":65,"comment_status":"open","ping_status":"closed","template":"","meta":[],"product_brand":[],"product_cat":[15],"product_tag":[28,23,18,29,27],"class_list":{"0":"post-62","1":"product","2":"type-product","3":"status-publish","4":"has-post-thumbnail","6":"product_cat-allround","7":"product_tag-gummiband-bindung","8":"product_tag-handmade","9":"product_tag-journal","10":"product_tag-reisverschluss","11":"product_tag-signatur","13":"first","14":"outofstock","15":"taxable","16":"shipping-taxable","17":"purchasable","18":"product-type-simple"},"yoast_head":"<!-- This site is optimized with the Yoast SEO plugin v27.5 - https:\/\/yoast.com\/product\/yoast-seo-wordpress\/ -->\n<title>Junk Journal mit Rei\u00dfverschluss Cover - JournalFreak<\/title>\n<meta name=\"robots\" content=\"index, follow, max-snippet:-1, max-image-preview:large, max-video-preview:-1\" \/>\n<link rel=\"canonical\" href=\"https:\/\/www.journalfreak.nl\/index.php\/product\/junk-journal-mit-reisverschluss-cover\/\" \/>\n<meta property=\"og:locale\" content=\"nl_NL\" \/>\n<meta property=\"og:type\" content=\"article\" \/>\n<meta property=\"og:title\" content=\"Junk Journal mit Rei\u00dfverschluss Cover - JournalFreak\" \/>\n<meta property=\"og:description\" content=\"[contact-form][contact-field label=&quot;Naam&quot; type=&quot;name&quot; required=&quot;true&quot; \/][contact-field label=&quot;E-mail&quot; type=&quot;email&quot; required=&quot;true&quot; \/][contact-field label=&quot;Site&quot; type=&quot;url&quot; \/][contact-field label=&quot;Bericht&quot; type=&quot;textarea&quot; \/][\/contact-form]\" \/>\n<meta property=\"og:url\" content=\"https:\/\/www.journalfreak.nl\/index.php\/product\/junk-journal-mit-reisverschluss-cover\/\" \/>\n<meta property=\"og:site_name\" content=\"JournalFreak\" \/>\n<meta property=\"article:modified_time\" content=\"2023-11-26T10:23:50+00:00\" \/>\n<meta property=\"og:image\" content=\"https:\/\/www.journalfreak.nl\/wp-content\/uploads\/2023\/07\/IMG_2853-scaled.jpeg\" \/>\n\t<meta property=\"og:image:width\" content=\"1920\" \/>\n\t<meta property=\"og:image:height\" content=\"2560\" \/>\n\t<meta property=\"og:image:type\" content=\"image\/jpeg\" \/>\n<meta name=\"twitter:card\" content=\"summary_large_image\" \/>\n<script type=\"application\/ld+json\" class=\"yoast-schema-graph\">{\"@context\":\"https:\\\/\\\/schema.org\",\"@graph\":[{\"@type\":\"WebPage\",\"@id\":\"https:\\\/\\\/www.journalfreak.nl\\\/index.php\\\/product\\\/junk-journal-mit-reisverschluss-cover\\\/\",\"url\":\"https:\\\/\\\/www.journalfreak.nl\\\/index.php\\\/product\\\/junk-journal-mit-reisverschluss-cover\\\/\",\"name\":\"Junk Journal mit Rei\u00dfverschluss Cover - JournalFreak\",\"isPartOf\":{\"@id\":\"https:\\\/\\\/www.journalfreak.nl\\\/#website\"},\"primaryImageOfPage\":{\"@id\":\"https:\\\/\\\/www.journalfreak.nl\\\/index.php\\\/product\\\/junk-journal-mit-reisverschluss-cover\\\/#primaryimage\"},\"image\":{\"@id\":\"https:\\\/\\\/www.journalfreak.nl\\\/index.php\\\/product\\\/junk-journal-mit-reisverschluss-cover\\\/#primaryimage\"},\"thumbnailUrl\":\"https:\\\/\\\/www.journalfreak.nl\\\/wp-content\\\/uploads\\\/2023\\\/07\\\/IMG_2853-scaled.jpeg\",\"datePublished\":\"2023-07-29T21:36:36+00:00\",\"dateModified\":\"2023-11-26T10:23:50+00:00\",\"breadcrumb\":{\"@id\":\"https:\\\/\\\/www.journalfreak.nl\\\/index.php\\\/product\\\/junk-journal-mit-reisverschluss-cover\\\/#breadcrumb\"},\"inLanguage\":\"nl-NL\",\"potentialAction\":[{\"@type\":\"ReadAction\",\"target\":[\"https:\\\/\\\/www.journalfreak.nl\\\/index.php\\\/product\\\/junk-journal-mit-reisverschluss-cover\\\/\"]}]},{\"@type\":\"ImageObject\",\"inLanguage\":\"nl-NL\",\"@id\":\"https:\\\/\\\/www.journalfreak.nl\\\/index.php\\\/product\\\/junk-journal-mit-reisverschluss-cover\\\/#primaryimage\",\"url\":\"https:\\\/\\\/www.journalfreak.nl\\\/wp-content\\\/uploads\\\/2023\\\/07\\\/IMG_2853-scaled.jpeg\",\"contentUrl\":\"https:\\\/\\\/www.journalfreak.nl\\\/wp-content\\\/uploads\\\/2023\\\/07\\\/IMG_2853-scaled.jpeg\",\"width\":1920,\"height\":2560},{\"@type\":\"BreadcrumbList\",\"@id\":\"https:\\\/\\\/www.journalfreak.nl\\\/index.php\\\/product\\\/junk-journal-mit-reisverschluss-cover\\\/#breadcrumb\",\"itemListElement\":[{\"@type\":\"ListItem\",\"position\":1,\"name\":\"Home\",\"item\":\"https:\\\/\\\/www.journalfreak.nl\\\/\"},{\"@type\":\"ListItem\",\"position\":2,\"name\":\"Winkel\",\"item\":\"https:\\\/\\\/www.journalfreak.nl\\\/index.php\\\/winkel\\\/\"},{\"@type\":\"ListItem\",\"position\":3,\"name\":\"Junk Journal mit Rei\u00dfverschluss Cover\"}]},{\"@type\":\"WebSite\",\"@id\":\"https:\\\/\\\/www.journalfreak.nl\\\/#website\",\"url\":\"https:\\\/\\\/www.journalfreak.nl\\\/\",\"name\":\"JournalFreak\",\"description\":\"Een creatieveling die helemaal gek is van journals\",\"publisher\":{\"@id\":\"https:\\\/\\\/www.journalfreak.nl\\\/#organization\"},\"potentialAction\":[{\"@type\":\"SearchAction\",\"target\":{\"@type\":\"EntryPoint\",\"urlTemplate\":\"https:\\\/\\\/www.journalfreak.nl\\\/?s={search_term_string}\"},\"query-input\":{\"@type\":\"PropertyValueSpecification\",\"valueRequired\":true,\"valueName\":\"search_term_string\"}}],\"inLanguage\":\"nl-NL\"},{\"@type\":\"Organization\",\"@id\":\"https:\\\/\\\/www.journalfreak.nl\\\/#organization\",\"name\":\"JournalFreak\",\"url\":\"https:\\\/\\\/www.journalfreak.nl\\\/\",\"logo\":{\"@type\":\"ImageObject\",\"inLanguage\":\"nl-NL\",\"@id\":\"https:\\\/\\\/www.journalfreak.nl\\\/#\\\/schema\\\/logo\\\/image\\\/\",\"url\":\"https:\\\/\\\/www.journalfreak.nl\\\/wp-content\\\/uploads\\\/2023\\\/07\\\/cropped-Logo_Trixmagkunst.png\",\"contentUrl\":\"https:\\\/\\\/www.journalfreak.nl\\\/wp-content\\\/uploads\\\/2023\\\/07\\\/cropped-Logo_Trixmagkunst.png\",\"width\":150,\"height\":150,\"caption\":\"JournalFreak\"},\"image\":{\"@id\":\"https:\\\/\\\/www.journalfreak.nl\\\/#\\\/schema\\\/logo\\\/image\\\/\"}}]}<\/script>\n<!-- \/ Yoast SEO plugin. -->","yoast_head_json":{"title":"Junk Journal mit Rei\u00dfverschluss Cover - JournalFreak","robots":{"index":"index","follow":"follow","max-snippet":"max-snippet:-1","max-image-preview":"max-image-preview:large","max-video-preview":"max-video-preview:-1"},"canonical":"https:\/\/www.journalfreak.nl\/index.php\/product\/junk-journal-mit-reisverschluss-cover\/","og_locale":"nl_NL","og_type":"article","og_title":"Junk Journal mit Rei\u00dfverschluss Cover - JournalFreak","og_description":"[contact-form][contact-field label=\"Naam\" type=\"name\" required=\"true\" \/][contact-field label=\"E-mail\" type=\"email\" required=\"true\" \/][contact-field label=\"Site\" type=\"url\" \/][contact-field label=\"Bericht\" type=\"textarea\" \/][\/contact-form]","og_url":"https:\/\/www.journalfreak.nl\/index.php\/product\/junk-journal-mit-reisverschluss-cover\/","og_site_name":"JournalFreak","article_modified_time":"2023-11-26T10:23:50+00:00","og_image":[{"width":1920,"height":2560,"url":"https:\/\/www.journalfreak.nl\/wp-content\/uploads\/2023\/07\/IMG_2853-scaled.jpeg","type":"image\/jpeg"}],"twitter_card":"summary_large_image","schema":{"@context":"https:\/\/schema.org","@graph":[{"@type":"WebPage","@id":"https:\/\/www.journalfreak.nl\/index.php\/product\/junk-journal-mit-reisverschluss-cover\/","url":"https:\/\/www.journalfreak.nl\/index.php\/product\/junk-journal-mit-reisverschluss-cover\/","name":"Junk Journal mit Rei\u00dfverschluss Cover - JournalFreak","isPartOf":{"@id":"https:\/\/www.journalfreak.nl\/#website"},"primaryImageOfPage":{"@id":"https:\/\/www.journalfreak.nl\/index.php\/product\/junk-journal-mit-reisverschluss-cover\/#primaryimage"},"image":{"@id":"https:\/\/www.journalfreak.nl\/index.php\/product\/junk-journal-mit-reisverschluss-cover\/#primaryimage"},"thumbnailUrl":"https:\/\/www.journalfreak.nl\/wp-content\/uploads\/2023\/07\/IMG_2853-scaled.jpeg","datePublished":"2023-07-29T21:36:36+00:00","dateModified":"2023-11-26T10:23:50+00:00","breadcrumb":{"@id":"https:\/\/www.journalfreak.nl\/index.php\/product\/junk-journal-mit-reisverschluss-cover\/#breadcrumb"},"inLanguage":"nl-NL","potentialAction":[{"@type":"ReadAction","target":["https:\/\/www.journalfreak.nl\/index.php\/product\/junk-journal-mit-reisverschluss-cover\/"]}]},{"@type":"ImageObject","inLanguage":"nl-NL","@id":"https:\/\/www.journalfreak.nl\/index.php\/product\/junk-journal-mit-reisverschluss-cover\/#primaryimage","url":"https:\/\/www.journalfreak.nl\/wp-content\/uploads\/2023\/07\/IMG_2853-scaled.jpeg","contentUrl":"https:\/\/www.journalfreak.nl\/wp-content\/uploads\/2023\/07\/IMG_2853-scaled.jpeg","width":1920,"height":2560},{"@type":"BreadcrumbList","@id":"https:\/\/www.journalfreak.nl\/index.php\/product\/junk-journal-mit-reisverschluss-cover\/#breadcrumb","itemListElement":[{"@type":"ListItem","position":1,"name":"Home","item":"https:\/\/www.journalfreak.nl\/"},{"@type":"ListItem","position":2,"name":"Winkel","item":"https:\/\/www.journalfreak.nl\/index.php\/winkel\/"},{"@type":"ListItem","position":3,"name":"Junk Journal mit Rei\u00dfverschluss Cover"}]},{"@type":"WebSite","@id":"https:\/\/www.journalfreak.nl\/#website","url":"https:\/\/www.journalfreak.nl\/","name":"JournalFreak","description":"Een creatieveling die helemaal gek is van journals","publisher":{"@id":"https:\/\/www.journalfreak.nl\/#organization"},"potentialAction":[{"@type":"SearchAction","target":{"@type":"EntryPoint","urlTemplate":"https:\/\/www.journalfreak.nl\/?s={search_term_string}"},"query-input":{"@type":"PropertyValueSpecification","valueRequired":true,"valueName":"search_term_string"}}],"inLanguage":"nl-NL"},{"@type":"Organization","@id":"https:\/\/www.journalfreak.nl\/#organization","name":"JournalFreak","url":"https:\/\/www.journalfreak.nl\/","logo":{"@type":"ImageObject","inLanguage":"nl-NL","@id":"https:\/\/www.journalfreak.nl\/#\/schema\/logo\/image\/","url":"https:\/\/www.journalfreak.nl\/wp-content\/uploads\/2023\/07\/cropped-Logo_Trixmagkunst.png","contentUrl":"https:\/\/www.journalfreak.nl\/wp-content\/uploads\/2023\/07\/cropped-Logo_Trixmagkunst.png","width":150,"height":150,"caption":"JournalFreak"},"image":{"@id":"https:\/\/www.journalfreak.nl\/#\/schema\/logo\/image\/"}}]}},"_links":{"self":[{"href":"https:\/\/www.journalfreak.nl\/index.php\/wp-json\/wp\/v2\/product\/62","targetHints":{"allow":["GET"]}}],"collection":[{"href":"https:\/\/www.journalfreak.nl\/index.php\/wp-json\/wp\/v2\/product"}],"about":[{"href":"https:\/\/www.journalfreak.nl\/index.php\/wp-json\/wp\/v2\/types\/product"}],"replies":[{"embeddable":true,"href":"https:\/\/www.journalfreak.nl\/index.php\/wp-json\/wp\/v2\/comments?post=62"}],"wp:featuredmedia":[{"embeddable":true,"href":"https:\/\/www.journalfreak.nl\/index.php\/wp-json\/wp\/v2\/media\/65"}],"wp:attachment":[{"href":"https:\/\/www.journalfreak.nl\/index.php\/wp-json\/wp\/v2\/media?parent=62"}],"wp:term":[{"taxonomy":"product_brand","embeddable":true,"href":"https:\/\/www.journalfreak.nl\/index.php\/wp-json\/wp\/v2\/product_brand?post=62"},{"taxonomy":"product_cat","embeddable":true,"href":"https:\/\/www.journalfreak.nl\/index.php\/wp-json\/wp\/v2\/product_cat?post=62"},{"taxonomy":"product_tag","embeddable":true,"href":"https:\/\/www.journalfreak.nl\/index.php\/wp-json\/wp\/v2\/product_tag?post=62"}],"curies":[{"name":"wp","href":"https:\/\/api.w.org\/{rel}","templated":true}]}}